
{"id":24,"date":"2025-06-15T20:38:17","date_gmt":"2025-06-15T20:38:17","guid":{"rendered":"https:\/\/ingeconopp.com\/?page_id=24"},"modified":"2025-06-26T12:16:57","modified_gmt":"2025-06-26T12:16:57","slug":"contactanos","status":"publish","type":"page","link":"https:\/\/ingeconopp.com\/en\/contactanos\/","title":{"rendered":"Contact us"},"content":{"rendered":"","protected":false},"excerpt":{"rendered":"","protected":false},"author":1,"featured_media":0,"parent":0,"menu_order":0,"comment_status":"closed","ping_status":"closed","template":"templates\/template-contacto.php","meta":{"footnotes":""},"class_list":["post-24","page","type-page","status-publish","hentry"],"acf":[],"yoast_head":"<!-- This site is optimized with the Yoast SEO plugin v26.3 - https:\/\/yoast.com\/wordpress\/plugins\/seo\/ -->\n<title>Contacto - Ingeconopp Constructora<\/title>\n<meta name=\"description\" content=\"Cont\u00e1ctanos para tu pr\u00f3ximo proyecto de construcci\u00f3n. Cotizaciones gratuitas para obras civiles y arquitect\u00f3nicas en Panam\u00e1 y Colombia.\" \/>\n<meta name=\"robots\" content=\"index, follow, max-snippet:-1, max-image-preview:large, max-video-preview:-1\" \/>\n<link rel=\"canonical\" href=\"https:\/\/ingeconopp.com\/en\/contactanos\/\" \/>\n<meta property=\"og:locale\" content=\"en_US\" \/>\n<meta property=\"og:type\" content=\"article\" \/>\n<meta property=\"og:title\" content=\"Contacto - Ingeconopp Constructora\" \/>\n<meta property=\"og:description\" content=\"Cont\u00e1ctanos para tu pr\u00f3ximo proyecto de construcci\u00f3n. Cotizaciones gratuitas para obras civiles y arquitect\u00f3nicas en Panam\u00e1 y Colombia.\" \/>\n<meta property=\"og:url\" content=\"https:\/\/ingeconopp.com\/en\/contactanos\/\" \/>\n<meta property=\"og:site_name\" content=\"Ingeconopp | Obras Civiles y Arquitect\u00f3nicas\" \/>\n<meta property=\"article:modified_time\" content=\"2025-06-26T12:16:57+00:00\" \/>\n<meta property=\"og:image\" content=\"https:\/\/ingeconopp.com\/wp-content\/uploads\/logo-ingeconopp.png\" \/>\n\t<meta property=\"og:image:width\" content=\"194\" \/>\n\t<meta property=\"og:image:height\" content=\"158\" \/>\n\t<meta property=\"og:image:type\" content=\"image\/png\" \/>\n<meta name=\"twitter:card\" content=\"summary_large_image\" \/>\n<script type=\"application\/ld+json\" class=\"yoast-schema-graph\">{\"@context\":\"https:\/\/schema.org\",\"@graph\":[{\"@type\":\"WebPage\",\"@id\":\"https:\/\/ingeconopp.com\/contactanos\/\",\"url\":\"https:\/\/ingeconopp.com\/contactanos\/\",\"name\":\"Contacto - Ingeconopp Constructora\",\"isPartOf\":{\"@id\":\"https:\/\/ingeconopp.com\/#website\"},\"datePublished\":\"2025-06-15T20:38:17+00:00\",\"dateModified\":\"2025-06-26T12:16:57+00:00\",\"description\":\"Cont\u00e1ctanos para tu pr\u00f3ximo proyecto de construcci\u00f3n. Cotizaciones gratuitas para obras civiles y arquitect\u00f3nicas en Panam\u00e1 y Colombia.\",\"breadcrumb\":{\"@id\":\"https:\/\/ingeconopp.com\/contactanos\/#breadcrumb\"},\"inLanguage\":\"en-US\",\"potentialAction\":[{\"@type\":\"ReadAction\",\"target\":[\"https:\/\/ingeconopp.com\/contactanos\/\"]}]},{\"@type\":\"BreadcrumbList\",\"@id\":\"https:\/\/ingeconopp.com\/contactanos\/#breadcrumb\",\"itemListElement\":[{\"@type\":\"ListItem\",\"position\":1,\"name\":\"Inicio\",\"item\":\"https:\/\/ingeconopp.com\/\"},{\"@type\":\"ListItem\",\"position\":2,\"name\":\"Contactanos\"}]},{\"@type\":\"WebSite\",\"@id\":\"https:\/\/ingeconopp.com\/#website\",\"url\":\"https:\/\/ingeconopp.com\/\",\"name\":\"Ingeconopp\",\"description\":\"Construimos obras civiles y arquitect\u00f3nicas con experiencia y calidad\",\"publisher\":{\"@id\":\"https:\/\/ingeconopp.com\/#organization\"},\"alternateName\":\"Ingeconopp Constructora\",\"potentialAction\":[{\"@type\":\"SearchAction\",\"target\":{\"@type\":\"EntryPoint\",\"urlTemplate\":\"https:\/\/ingeconopp.com\/?s={search_term_string}\"},\"query-input\":{\"@type\":\"PropertyValueSpecification\",\"valueRequired\":true,\"valueName\":\"search_term_string\"}}],\"inLanguage\":\"en-US\"},{\"@type\":\"Organization\",\"@id\":\"https:\/\/ingeconopp.com\/#organization\",\"name\":\"Ingeconopp\",\"alternateName\":\"Ingeconopp Constructora\",\"url\":\"https:\/\/ingeconopp.com\/\",\"logo\":{\"@type\":\"ImageObject\",\"inLanguage\":\"en-US\",\"@id\":\"https:\/\/ingeconopp.com\/#\/schema\/logo\/image\/\",\"url\":\"https:\/\/ingeconopp.com\/wp-content\/uploads\/logo-ingeconopp.png\",\"contentUrl\":\"https:\/\/ingeconopp.com\/wp-content\/uploads\/logo-ingeconopp.png\",\"width\":194,\"height\":158,\"caption\":\"Ingeconopp\"},\"image\":{\"@id\":\"https:\/\/ingeconopp.com\/#\/schema\/logo\/image\/\"}}]}<\/script>\n<!-- \/ Yoast SEO plugin. -->","yoast_head_json":{"title":"Contacto - Ingeconopp Constructora","description":"Cont\u00e1ctanos para tu pr\u00f3ximo proyecto de construcci\u00f3n. Cotizaciones gratuitas para obras civiles y arquitect\u00f3nicas en Panam\u00e1 y Colombia.","robots":{"index":"index","follow":"follow","max-snippet":"max-snippet:-1","max-image-preview":"max-image-preview:large","max-video-preview":"max-video-preview:-1"},"canonical":"https:\/\/ingeconopp.com\/en\/contactanos\/","og_locale":"en_US","og_type":"article","og_title":"Contacto - Ingeconopp Constructora","og_description":"Cont\u00e1ctanos para tu pr\u00f3ximo proyecto de construcci\u00f3n. Cotizaciones gratuitas para obras civiles y arquitect\u00f3nicas en Panam\u00e1 y Colombia.","og_url":"https:\/\/ingeconopp.com\/en\/contactanos\/","og_site_name":"Ingeconopp | Obras Civiles y Arquitect\u00f3nicas","article_modified_time":"2025-06-26T12:16:57+00:00","og_image":[{"width":194,"height":158,"url":"https:\/\/ingeconopp.com\/wp-content\/uploads\/logo-ingeconopp.png","type":"image\/png"}],"twitter_card":"summary_large_image","schema":{"@context":"https:\/\/schema.org","@graph":[{"@type":"WebPage","@id":"https:\/\/ingeconopp.com\/contactanos\/","url":"https:\/\/ingeconopp.com\/contactanos\/","name":"Contacto - Ingeconopp Constructora","isPartOf":{"@id":"https:\/\/ingeconopp.com\/#website"},"datePublished":"2025-06-15T20:38:17+00:00","dateModified":"2025-06-26T12:16:57+00:00","description":"Cont\u00e1ctanos para tu pr\u00f3ximo proyecto de construcci\u00f3n. Cotizaciones gratuitas para obras civiles y arquitect\u00f3nicas en Panam\u00e1 y Colombia.","breadcrumb":{"@id":"https:\/\/ingeconopp.com\/contactanos\/#breadcrumb"},"inLanguage":"en-US","potentialAction":[{"@type":"ReadAction","target":["https:\/\/ingeconopp.com\/contactanos\/"]}]},{"@type":"BreadcrumbList","@id":"https:\/\/ingeconopp.com\/contactanos\/#breadcrumb","itemListElement":[{"@type":"ListItem","position":1,"name":"Inicio","item":"https:\/\/ingeconopp.com\/"},{"@type":"ListItem","position":2,"name":"Contactanos"}]},{"@type":"WebSite","@id":"https:\/\/ingeconopp.com\/#website","url":"https:\/\/ingeconopp.com\/","name":"Ingeconopp","description":"Construimos obras civiles y arquitect\u00f3nicas con experiencia y calidad","publisher":{"@id":"https:\/\/ingeconopp.com\/#organization"},"alternateName":"Ingeconopp Constructora","potentialAction":[{"@type":"SearchAction","target":{"@type":"EntryPoint","urlTemplate":"https:\/\/ingeconopp.com\/?s={search_term_string}"},"query-input":{"@type":"PropertyValueSpecification","valueRequired":true,"valueName":"search_term_string"}}],"inLanguage":"en-US"},{"@type":"Organization","@id":"https:\/\/ingeconopp.com\/#organization","name":"Ingeconopp","alternateName":"Ingeconopp Constructora","url":"https:\/\/ingeconopp.com\/","logo":{"@type":"ImageObject","inLanguage":"en-US","@id":"https:\/\/ingeconopp.com\/#\/schema\/logo\/image\/","url":"https:\/\/ingeconopp.com\/wp-content\/uploads\/logo-ingeconopp.png","contentUrl":"https:\/\/ingeconopp.com\/wp-content\/uploads\/logo-ingeconopp.png","width":194,"height":158,"caption":"Ingeconopp"},"image":{"@id":"https:\/\/ingeconopp.com\/#\/schema\/logo\/image\/"}}]}},"_links":{"self":[{"href":"https:\/\/ingeconopp.com\/en\/wp-json\/wp\/v2\/pages\/24","targetHints":{"allow":["GET"]}}],"collection":[{"href":"https:\/\/ingeconopp.com\/en\/wp-json\/wp\/v2\/pages"}],"about":[{"href":"https:\/\/ingeconopp.com\/en\/wp-json\/wp\/v2\/types\/page"}],"author":[{"embeddable":true,"href":"https:\/\/ingeconopp.com\/en\/wp-json\/wp\/v2\/users\/1"}],"replies":[{"embeddable":true,"href":"https:\/\/ingeconopp.com\/en\/wp-json\/wp\/v2\/comments?post=24"}],"version-history":[{"count":6,"href":"https:\/\/ingeconopp.com\/en\/wp-json\/wp\/v2\/pages\/24\/revisions"}],"predecessor-version":[{"id":212,"href":"https:\/\/ingeconopp.com\/en\/wp-json\/wp\/v2\/pages\/24\/revisions\/212"}],"wp:attachment":[{"href":"https:\/\/ingeconopp.com\/en\/wp-json\/wp\/v2\/media?parent=24"}],"curies":[{"name":"wp","href":"https:\/\/api.w.org\/{rel}","templated":true}]}}