
{"id":513,"date":"2025-11-07T01:21:54","date_gmt":"2025-11-07T01:21:54","guid":{"rendered":"https:\/\/ingeconopp.com\/?page_id=513"},"modified":"2025-11-13T15:21:50","modified_gmt":"2025-11-13T15:21:50","slug":"easyhousingsystem","status":"publish","type":"page","link":"https:\/\/ingeconopp.com\/en\/easyhousingsystem\/","title":{"rendered":"Easyhousingsystem"},"content":{"rendered":"","protected":false},"excerpt":{"rendered":"","protected":false},"author":1,"featured_media":0,"parent":0,"menu_order":0,"comment_status":"closed","ping_status":"closed","template":"templates\/template-proyectos.php","meta":{"footnotes":""},"class_list":["post-513","page","type-page","status-publish","hentry"],"acf":[],"yoast_head":"<!-- This site is optimized with the Yoast SEO plugin v26.3 - https:\/\/yoast.com\/wordpress\/plugins\/seo\/ -->\n<title>Easyhousingsystem - Ingeconopp | Obras Civiles y Arquitect\u00f3nicas<\/title>\n<meta name=\"description\" content=\"- Ingeconopp: Obras civiles y arquitect\u00f3nicas en Panam\u00e1\" \/>\n<meta name=\"robots\" content=\"index, follow, max-snippet:-1, max-image-preview:large, max-video-preview:-1\" \/>\n<link rel=\"canonical\" href=\"https:\/\/ingeconopp.com\/en\/easyhousingsystem\/\" \/>\n<meta property=\"og:locale\" content=\"en_US\" \/>\n<meta property=\"og:type\" content=\"article\" \/>\n<meta property=\"og:title\" content=\"Easyhousingsystem - Ingeconopp | Obras Civiles y Arquitect\u00f3nicas\" \/>\n<meta property=\"og:description\" content=\"- Ingeconopp: Obras civiles y arquitect\u00f3nicas en Panam\u00e1\" \/>\n<meta property=\"og:url\" content=\"https:\/\/ingeconopp.com\/en\/easyhousingsystem\/\" \/>\n<meta property=\"og:site_name\" content=\"Ingeconopp | Obras Civiles y Arquitect\u00f3nicas\" \/>\n<meta property=\"article:modified_time\" content=\"2025-11-13T15:21:50+00:00\" \/>\n<meta property=\"og:image\" content=\"https:\/\/ingeconopp.com\/wp-content\/uploads\/logo-ingeconopp.png\" \/>\n\t<meta property=\"og:image:width\" content=\"194\" \/>\n\t<meta property=\"og:image:height\" content=\"158\" \/>\n\t<meta property=\"og:image:type\" content=\"image\/png\" \/>\n<meta name=\"twitter:card\" content=\"summary_large_image\" \/>\n<script type=\"application\/ld+json\" class=\"yoast-schema-graph\">{\"@context\":\"https:\/\/schema.org\",\"@graph\":[{\"@type\":\"WebPage\",\"@id\":\"https:\/\/ingeconopp.com\/easyhousingsystem\/\",\"url\":\"https:\/\/ingeconopp.com\/easyhousingsystem\/\",\"name\":\"Easyhousingsystem - Ingeconopp | Obras Civiles y Arquitect\u00f3nicas\",\"isPartOf\":{\"@id\":\"https:\/\/ingeconopp.com\/#website\"},\"datePublished\":\"2025-11-07T01:21:54+00:00\",\"dateModified\":\"2025-11-13T15:21:50+00:00\",\"description\":\"- Ingeconopp: Obras civiles y arquitect\u00f3nicas en Panam\u00e1\",\"breadcrumb\":{\"@id\":\"https:\/\/ingeconopp.com\/easyhousingsystem\/#breadcrumb\"},\"inLanguage\":\"en-US\",\"potentialAction\":[{\"@type\":\"ReadAction\",\"target\":[\"https:\/\/ingeconopp.com\/easyhousingsystem\/\"]}]},{\"@type\":\"BreadcrumbList\",\"@id\":\"https:\/\/ingeconopp.com\/easyhousingsystem\/#breadcrumb\",\"itemListElement\":[{\"@type\":\"ListItem\",\"position\":1,\"name\":\"Inicio\",\"item\":\"https:\/\/ingeconopp.com\/\"},{\"@type\":\"ListItem\",\"position\":2,\"name\":\"Easyhousingsystem\"}]},{\"@type\":\"WebSite\",\"@id\":\"https:\/\/ingeconopp.com\/#website\",\"url\":\"https:\/\/ingeconopp.com\/\",\"name\":\"Ingeconopp\",\"description\":\"Construimos obras civiles y arquitect\u00f3nicas con experiencia y calidad\",\"publisher\":{\"@id\":\"https:\/\/ingeconopp.com\/#organization\"},\"alternateName\":\"Ingeconopp Constructora\",\"potentialAction\":[{\"@type\":\"SearchAction\",\"target\":{\"@type\":\"EntryPoint\",\"urlTemplate\":\"https:\/\/ingeconopp.com\/?s={search_term_string}\"},\"query-input\":{\"@type\":\"PropertyValueSpecification\",\"valueRequired\":true,\"valueName\":\"search_term_string\"}}],\"inLanguage\":\"en-US\"},{\"@type\":\"Organization\",\"@id\":\"https:\/\/ingeconopp.com\/#organization\",\"name\":\"Ingeconopp\",\"alternateName\":\"Ingeconopp Constructora\",\"url\":\"https:\/\/ingeconopp.com\/\",\"logo\":{\"@type\":\"ImageObject\",\"inLanguage\":\"en-US\",\"@id\":\"https:\/\/ingeconopp.com\/#\/schema\/logo\/image\/\",\"url\":\"https:\/\/ingeconopp.com\/wp-content\/uploads\/logo-ingeconopp.png\",\"contentUrl\":\"https:\/\/ingeconopp.com\/wp-content\/uploads\/logo-ingeconopp.png\",\"width\":194,\"height\":158,\"caption\":\"Ingeconopp\"},\"image\":{\"@id\":\"https:\/\/ingeconopp.com\/#\/schema\/logo\/image\/\"}}]}<\/script>\n<!-- \/ Yoast SEO plugin. -->","yoast_head_json":{"title":"Easyhousingsystem - Ingeconopp | Obras Civiles y Arquitect\u00f3nicas","description":"- Ingeconopp: Obras civiles y arquitect\u00f3nicas en Panam\u00e1","robots":{"index":"index","follow":"follow","max-snippet":"max-snippet:-1","max-image-preview":"max-image-preview:large","max-video-preview":"max-video-preview:-1"},"canonical":"https:\/\/ingeconopp.com\/en\/easyhousingsystem\/","og_locale":"en_US","og_type":"article","og_title":"Easyhousingsystem - Ingeconopp | Obras Civiles y Arquitect\u00f3nicas","og_description":"- Ingeconopp: Obras civiles y arquitect\u00f3nicas en Panam\u00e1","og_url":"https:\/\/ingeconopp.com\/en\/easyhousingsystem\/","og_site_name":"Ingeconopp | Obras Civiles y Arquitect\u00f3nicas","article_modified_time":"2025-11-13T15:21:50+00:00","og_image":[{"width":194,"height":158,"url":"https:\/\/ingeconopp.com\/wp-content\/uploads\/logo-ingeconopp.png","type":"image\/png"}],"twitter_card":"summary_large_image","schema":{"@context":"https:\/\/schema.org","@graph":[{"@type":"WebPage","@id":"https:\/\/ingeconopp.com\/easyhousingsystem\/","url":"https:\/\/ingeconopp.com\/easyhousingsystem\/","name":"Easyhousingsystem - Ingeconopp | Obras Civiles y Arquitect\u00f3nicas","isPartOf":{"@id":"https:\/\/ingeconopp.com\/#website"},"datePublished":"2025-11-07T01:21:54+00:00","dateModified":"2025-11-13T15:21:50+00:00","description":"- Ingeconopp: Obras civiles y arquitect\u00f3nicas en Panam\u00e1","breadcrumb":{"@id":"https:\/\/ingeconopp.com\/easyhousingsystem\/#breadcrumb"},"inLanguage":"en-US","potentialAction":[{"@type":"ReadAction","target":["https:\/\/ingeconopp.com\/easyhousingsystem\/"]}]},{"@type":"BreadcrumbList","@id":"https:\/\/ingeconopp.com\/easyhousingsystem\/#breadcrumb","itemListElement":[{"@type":"ListItem","position":1,"name":"Inicio","item":"https:\/\/ingeconopp.com\/"},{"@type":"ListItem","position":2,"name":"Easyhousingsystem"}]},{"@type":"WebSite","@id":"https:\/\/ingeconopp.com\/#website","url":"https:\/\/ingeconopp.com\/","name":"Ingeconopp","description":"Construimos obras civiles y arquitect\u00f3nicas con experiencia y calidad","publisher":{"@id":"https:\/\/ingeconopp.com\/#organization"},"alternateName":"Ingeconopp Constructora","potentialAction":[{"@type":"SearchAction","target":{"@type":"EntryPoint","urlTemplate":"https:\/\/ingeconopp.com\/?s={search_term_string}"},"query-input":{"@type":"PropertyValueSpecification","valueRequired":true,"valueName":"search_term_string"}}],"inLanguage":"en-US"},{"@type":"Organization","@id":"https:\/\/ingeconopp.com\/#organization","name":"Ingeconopp","alternateName":"Ingeconopp Constructora","url":"https:\/\/ingeconopp.com\/","logo":{"@type":"ImageObject","inLanguage":"en-US","@id":"https:\/\/ingeconopp.com\/#\/schema\/logo\/image\/","url":"https:\/\/ingeconopp.com\/wp-content\/uploads\/logo-ingeconopp.png","contentUrl":"https:\/\/ingeconopp.com\/wp-content\/uploads\/logo-ingeconopp.png","width":194,"height":158,"caption":"Ingeconopp"},"image":{"@id":"https:\/\/ingeconopp.com\/#\/schema\/logo\/image\/"}}]}},"_links":{"self":[{"href":"https:\/\/ingeconopp.com\/en\/wp-json\/wp\/v2\/pages\/513","targetHints":{"allow":["GET"]}}],"collection":[{"href":"https:\/\/ingeconopp.com\/en\/wp-json\/wp\/v2\/pages"}],"about":[{"href":"https:\/\/ingeconopp.com\/en\/wp-json\/wp\/v2\/types\/page"}],"author":[{"embeddable":true,"href":"https:\/\/ingeconopp.com\/en\/wp-json\/wp\/v2\/users\/1"}],"replies":[{"embeddable":true,"href":"https:\/\/ingeconopp.com\/en\/wp-json\/wp\/v2\/comments?post=513"}],"version-history":[{"count":35,"href":"https:\/\/ingeconopp.com\/en\/wp-json\/wp\/v2\/pages\/513\/revisions"}],"predecessor-version":[{"id":668,"href":"https:\/\/ingeconopp.com\/en\/wp-json\/wp\/v2\/pages\/513\/revisions\/668"}],"wp:attachment":[{"href":"https:\/\/ingeconopp.com\/en\/wp-json\/wp\/v2\/media?parent=513"}],"curies":[{"name":"wp","href":"https:\/\/api.w.org\/{rel}","templated":true}]}}